{"id":9530,"date":"2019-04-24T19:17:00","date_gmt":"2019-04-24T17:17:00","guid":{"rendered":"https:\/\/chezpaul.com\/?page_id=9530"},"modified":"2019-06-18T12:29:51","modified_gmt":"2019-06-18T10:29:51","slug":"give-a-gift-voucher-chez-paul","status":"publish","type":"page","link":"https:\/\/chezpaul.com\/en\/give-a-gift-voucher-chez-paul\/","title":{"rendered":"Give a gift voucher Chez Paul"},"content":{"rendered":"<h3>Looking for a delightful exp\u00e9rience? To share or to offer?<\/h3>\n<style type=\"text\/css\">\n        .wpgv_preview-box .cardDiv,\n        .wpgv-item .wpgv-buy button,\n        .buying-options div.selected,\n        .shipping-options div.selected,\n        .wpgv-buttons .next-button,\n        .wpgv-buttons #paynowbtn {\n            background-color: #eeeeee!important;\n        }\n        .wpgv_preview-box .cardDiv .voucherBottomDiv label, \n        .wpgv-item .wpgv-buy button,\n        .wpgv-buttons .next-button, \n        .wpgv-buttons #paynowbtn,\n        .buying-options div.selected, \n        .shipping-options div.selected,\n        .wpgv_preview-box .cardDiv .voucherBottomDiv .itemtitle,\n        .wpgv_preview-box .cardDiv .voucherBottomDiv .itemdescription,\n        .wpgv_preview-box .cardDiv .voucherBottomDiv .termsCard,\n        .wpgv_preview-box .cardDiv .voucherBottomDiv .voucherSiteInfo a {\n            color:  #631d2e!important;\n        }\n        #wpgv-giftitems.loading:after {\n            content: url(https:\/\/chezpaul.com\/wp-content\/uploads\/2019\/04\/giphy.gif) !important;\n        }\n    <\/style><div class=\"wpgv-giftitem-wrapper\"><form id=\"wpgv-giftitems\" name=\"wpgv_giftitems\" method=\"post\" action=\"https:\/\/chezpaul.com\/en\/wp-json\/wp\/v2\/pages\/9530\/\" enctype=\"multipart\/form-data\">\n        <input type=\"hidden\" name=\"wpgv_giftitems_form_verify\" value=\"19ce4c8b89\">\n        <input type=\"hidden\" name=\"wpgv_category_id\" id=\"category_id\">\n        <input type=\"hidden\" name=\"wpgv_item_id\" id=\"item_id\">\n        <input type=\"hidden\" name=\"wpgv_total_price\" id=\"total_price\">\n        <input type=\"hidden\" name=\"item_pdf_price\" id=\"item_pdf_price\">\n        <input type=\"hidden\" name=\"wpgv_website_commission_price\" id=\"website_commission_price\" data-price=\"0\">\n        <div class=\"wpgv-giftitemimage\"><img decoding=\"async\" src=\"https:\/\/chezpaul.com\/wp-content\/uploads\/2019\/02\/logo-restaurant-chez-paul-red.png\"><\/div><div id=\"wpgv-giftitems-step1\" class=\"wpgv-items-wrap\">\n                <div class=\"wpgv-according-categories\"><div class=\"wpgv-according-category\" id=\"itemcat5\">\n                        <div class=\"wpgv-according-title\" data-cat-id=\"5\"><h2>Menu<span><\/span><\/h2><\/div><div class=\"wpgv-items\"><div class=\"wpgv-item\">\n                            <div class=\"wpgv-content\"><h4>TERROIR GIFT<\/h4><p>Into the Wild x 1 people<\/p><\/div>\n                            <div class=\"wpgv-price\"><span>35,00 \u20ac<\/span><\/div>\n                            <div class=\"wpgv-buy\"><button type=\"button\" data-item-id=\"9566\" data-cat-id=\"5\" data-item-price=\"35\" data-item-price-pdf=\"35\">Buy<\/button><\/div>\n                        <\/div><div class=\"wpgv-item\">\n                            <div class=\"wpgv-content\"><h4>TERROIR GIFT<\/h4><p>Into the Wild x 2 people<\/p><\/div>\n                            <div class=\"wpgv-price\"><span>70,00 \u20ac<\/span><\/div>\n                            <div class=\"wpgv-buy\"><button type=\"button\" data-item-id=\"9841\" data-cat-id=\"5\" data-item-price=\"70\" data-item-price-pdf=\"70\">Buy<\/button><\/div>\n                        <\/div><div class=\"wpgv-item\">\n                            <div class=\"wpgv-content\"><h4>TERROIR GIFT<\/h4><p>Into the Wild x 4 people<\/p><\/div>\n                            <div class=\"wpgv-price\"><span>140,00 \u20ac<\/span><\/div>\n                            <div class=\"wpgv-buy\"><button type=\"button\" data-item-id=\"9842\" data-cat-id=\"5\" data-item-price=\"140\" data-item-price-pdf=\"140\">Buy<\/button><\/div>\n                        <\/div><div class=\"wpgv-item\">\n                            <div class=\"wpgv-content\"><h4>CADEAU DES FINES BOUCHES<\/h4><p>La table du roi x 4 personnes<\/p><\/div>\n                            <div class=\"wpgv-price\"><span>220,00 \u20ac<\/span><\/div>\n                            <div class=\"wpgv-buy\"><button type=\"button\" data-item-id=\"9834\" data-cat-id=\"5\" data-item-price=\"220\" data-item-price-pdf=\"220\">Buy<\/button><\/div>\n                        <\/div><div class=\"wpgv-item\">\n                            <div class=\"wpgv-content\"><h4>CADEAU DES FINES BOUCHES<\/h4><p>La table du roi x 2 personnes<\/p><\/div>\n                            <div class=\"wpgv-price\"><span>110,00 \u20ac<\/span><\/div>\n                            <div class=\"wpgv-buy\"><button type=\"button\" data-item-id=\"9833\" data-cat-id=\"5\" data-item-price=\"110\" data-item-price-pdf=\"110\">Buy<\/button><\/div>\n                        <\/div><div class=\"wpgv-item\">\n                            <div class=\"wpgv-content\"><h4>CADEAU DES FINES BOUCHES<\/h4><p>La table du roi x 1 personne<\/p><\/div>\n                            <div class=\"wpgv-price\"><span>55,00 \u20ac<\/span><\/div>\n                            <div class=\"wpgv-buy\"><button type=\"button\" data-item-id=\"8935\" data-cat-id=\"5\" data-item-price=\"55\" data-item-price-pdf=\"55\">Buy<\/button><\/div>\n                        <\/div><div class=\"wpgv-item\">\n                            <div class=\"wpgv-content\"><h4>THE FOODIE GIFT<\/h4><p>The King\u2019s Table x 1 people<\/p><\/div>\n                            <div class=\"wpgv-price\"><span>55,00 \u20ac<\/span><\/div>\n                            <div class=\"wpgv-buy\"><button type=\"button\" data-item-id=\"9565\" data-cat-id=\"5\" data-item-price=\"55\" data-item-price-pdf=\"55\">Buy<\/button><\/div>\n                        <\/div><div class=\"wpgv-item\">\n                            <div class=\"wpgv-content\"><h4>THE FOODIE GIFT<\/h4><p>The King\u2019s Table x 2 people<\/p><\/div>\n                            <div class=\"wpgv-price\"><span>110,00 \u20ac<\/span><\/div>\n                            <div class=\"wpgv-buy\"><button type=\"button\" data-item-id=\"9839\" data-cat-id=\"5\" data-item-price=\"110\" data-item-price-pdf=\"110\">Buy<\/button><\/div>\n                        <\/div><div class=\"wpgv-item\">\n                            <div class=\"wpgv-content\"><h4>CADEAU DES GOURMANDS<\/h4><p>Le go\u00fbt du risque x 4 personnes<\/p><\/div>\n                            <div class=\"wpgv-price\"><span>240,00 \u20ac<\/span><\/div>\n                            <div class=\"wpgv-buy\"><button type=\"button\" data-item-id=\"9832\" data-cat-id=\"5\" data-item-price=\"240\" data-item-price-pdf=\"240\">Buy<\/button><\/div>\n                        <\/div><div class=\"wpgv-item\">\n                            <div class=\"wpgv-content\"><h4>CADEAU DES GOURMANDS<\/h4><p>Le go\u00fbt du risque x 2 personnes<\/p><\/div>\n                            <div class=\"wpgv-price\"><span>120,00 \u20ac<\/span><\/div>\n                            <div class=\"wpgv-buy\"><button type=\"button\" data-item-id=\"9831\" data-cat-id=\"5\" data-item-price=\"120\" data-item-price-pdf=\"120\">Buy<\/button><\/div>\n                        <\/div><div class=\"wpgv-item\">\n                            <div class=\"wpgv-content\"><h4>THE FOODIE GIFT<\/h4><p>The King\u2019s Table x 4 people<\/p><\/div>\n                            <div class=\"wpgv-price\"><span>220,00 \u20ac<\/span><\/div>\n                            <div class=\"wpgv-buy\"><button type=\"button\" data-item-id=\"9840\" data-cat-id=\"5\" data-item-price=\"220\" data-item-price-pdf=\"220\">Buy<\/button><\/div>\n                        <\/div><div class=\"wpgv-item\">\n                            <div class=\"wpgv-content\"><h4>CADEAU DES GOURMANDS<\/h4><p>Le go\u00fbt du risque x 1 personne<\/p><\/div>\n                            <div class=\"wpgv-price\"><span>60,00 \u20ac<\/span><\/div>\n                            <div class=\"wpgv-buy\"><button type=\"button\" data-item-id=\"8936\" data-cat-id=\"5\" data-item-price=\"60\" data-item-price-pdf=\"60\">Buy<\/button><\/div>\n                        <\/div><div class=\"wpgv-item\">\n                            <div class=\"wpgv-content\"><h4>GOURMANDS&#8217; GIFT<\/h4><p>The Willing Risk x 1 people<\/p><\/div>\n                            <div class=\"wpgv-price\"><span>60,00 \u20ac<\/span><\/div>\n                            <div class=\"wpgv-buy\"><button type=\"button\" data-item-id=\"9562\" data-cat-id=\"5\" data-item-price=\"60\" data-item-price-pdf=\"60\">Buy<\/button><\/div>\n                        <\/div><div class=\"wpgv-item\">\n                            <div class=\"wpgv-content\"><h4>GOURMANDS&#8217; GIFT<\/h4><p>The Willing Risk x 2 people<\/p><\/div>\n                            <div class=\"wpgv-price\"><span>120,00 \u20ac<\/span><\/div>\n                            <div class=\"wpgv-buy\"><button type=\"button\" data-item-id=\"9837\" data-cat-id=\"5\" data-item-price=\"120\" data-item-price-pdf=\"120\">Buy<\/button><\/div>\n                        <\/div><div class=\"wpgv-item\">\n                            <div class=\"wpgv-content\"><h4>CADEAU DU TERROIR<\/h4><p>La conqu\u00eate des grands espaces x 4 personnes<\/p><\/div>\n                            <div class=\"wpgv-price\"><span>140,00 \u20ac<\/span><\/div>\n                            <div class=\"wpgv-buy\"><button type=\"button\" data-item-id=\"9836\" data-cat-id=\"5\" data-item-price=\"140\" data-item-price-pdf=\"140\">Buy<\/button><\/div>\n                        <\/div><div class=\"wpgv-item\">\n                            <div class=\"wpgv-content\"><h4>CADEAU DU TERROIR<\/h4><p>La conqu\u00eate des grands espaces x 2 personnes<\/p><\/div>\n                            <div class=\"wpgv-price\"><span>70,00 \u20ac<\/span><\/div>\n                            <div class=\"wpgv-buy\"><button type=\"button\" data-item-id=\"9835\" data-cat-id=\"5\" data-item-price=\"70\" data-item-price-pdf=\"70\">Buy<\/button><\/div>\n                        <\/div><div class=\"wpgv-item\">\n                            <div class=\"wpgv-content\"><h4>GOURMANDS&#8217; GIFT<\/h4><p>The Willing Risk x 4 people<\/p><\/div>\n                            <div class=\"wpgv-price\"><span>240,00 \u20ac<\/span><\/div>\n                            <div class=\"wpgv-buy\"><button type=\"button\" data-item-id=\"9838\" data-cat-id=\"5\" data-item-price=\"240\" data-item-price-pdf=\"240\">Buy<\/button><\/div>\n                        <\/div><div class=\"wpgv-item\">\n                            <div class=\"wpgv-content\"><h4>CADEAU DU TERROIR<\/h4><p>La conqu\u00eate des grands espaces x 1 personne<\/p><\/div>\n                            <div class=\"wpgv-price\"><span>35,00 \u20ac<\/span><\/div>\n                            <div class=\"wpgv-buy\"><button type=\"button\" data-item-id=\"8922\" data-cat-id=\"5\" data-item-price=\"35\" data-item-price-pdf=\"35\">Buy<\/button><\/div>\n                        <\/div><\/div><\/div><\/div><\/div><div id=\"wpgv-giftitems-step2\" class=\"wpgv-items-wrap\">\n                <div class=\"wpgv-gifttitle\">\n                    <h3><\/h3>\n                    <span><\/span>\n                <\/div>                \n                <div class=\"wpgv-form-fields\">\n                    \n                <\/div>\n                <div class=\"buying-for flex-field\">\n                    <label>Buying For<\/label>\n                    <div class=\"buying-options\">\n                        <div class=\"someone_else selected\" data-value=\"someone_else\">\n                            <img decoding=\"async\" src=\"https:\/\/chezpaul.com\/wp-content\/plugins\/gift-voucher\/assets\/img\/giftbox.png\">\n                            <span>Someone Else<\/span>\n                        <\/div>\n                        <div class=\"yourself\" data-value=\"yourself\">\n                            <img decoding=\"async\" src=\"https:\/\/chezpaul.com\/wp-content\/plugins\/gift-voucher\/assets\/img\/users.png\">\n                            <span>Yourself<\/span>\n                        <\/div>\n                    <\/div>\n                    <input type=\"hidden\" name=\"buying_for\" id=\"buying_for\" value=\"someone_else\">\n                <\/div>\n                <div class=\"wpgv-form-fields\" id=\"wpgv-your_name\">\n                    <label for=\"your_name\">Your Name<\/label>\n                    <span class=\"error\">Your name is required<\/span>\n                    <input type=\"text\" name=\"your_name\" id=\"your_name\" class=\"form-field\">\n                <\/div>\n                <div class=\"wpgv-form-fields\" id=\"wpgv-recipient_name\">\n                    <label for=\"receipt_email\">Recipient Name<\/label>\n                    <span class=\"error\">Recipient name is required<\/span>\n                    <input type=\"text\" name=\"recipient_name\" id=\"recipient_name\" class=\"form-field\" \/>\n                <\/div>\n                <div class=\"wpgv-form-fields\" id=\"wpgv-message\">\n                    <label for=\"message\">Personal Message (Optional) (Max: 250 Characters)<\/label>\n                    <span class=\"error\">Please enter no more than 250 characters.<\/span>\n                    <textarea name=\"message\" id=\"message\" class=\"form-field\" maxlength=\"250\"><\/textarea>\n                    <div class=\"maxchar\"><\/div>\n                <\/div>\n                <div class=\"wpgv-buttons\">\n                    <button type=\"button\" data-next=\"step3\" class=\"next-button\">Continue<\/button>\n                    <span class=\"back-button\" data-prev=\"step1\">Back<\/span>\n                <\/div>\n            <\/div><div id=\"wpgv-giftitems-step3\" class=\"wpgv-items-wrap\">\n                <input type=\"hidden\" name=\"shipping\" id=\"shipping\" value=\"shipping_as_email\">\n                <div class=\"wpgv-form-fields\" id=\"wpgv-shipping_email\">\n                    <label>Send the voucher to recipient email here<\/label>\n                    <span class=\"error\">Required<\/span>\n                    <input type=\"email\" name=\"shipping_email\" id=\"shipping_email\" class=\"form-field\">\n                <\/div>\n                <div class=\"wpgv-form-fields\" id=\"wpgv-receipt_email\">\n                    <label>Your email address (for the receipt)<\/label>\n                    <span class=\"error\">Your email address is required<\/span>\n                    <input type=\"email\" name=\"receipt_email\" id=\"receipt_email\" class=\"form-field\">\n                <\/div>\n                <div class=\"order_details_preview\">\n                    <h3>Your Order<\/h3>\n                    <div class=\"wpgv_preview_box\">\n                        <div>\n                            <h4 class=\"wpgv-itemtitle\">-<\/h4>\n                            <span>Your Name: <i id=\"autoyourname\"><\/i><\/span>\n                        <\/div>\n                        <div id=\"itemprice\"> <span><\/span> \u20ac<\/div>\n                    <\/div><div class=\"preview-box\"><button type=\"button\" id=\"itempreview\" data-url=\"https:\/\/chezpaul.com\/gift-item-pdf-preview\/?action=preview&nonce=19ce4c8b89\">Show Preview as PDF<\/button><\/div><\/div>\n                <div class=\"wpgv-form-fields\" id=\"wpgv_payment_gateway\">\n                    <label>Payment Method<\/label>\n                    <select name=\"payemnt_gateway\" id=\"payemnt_gateway\" class=\"form-field\"><option value=\"Paypal\">Paypal<\/option><\/select>\n                <\/div>\n                <div class=\"acceptVoucherTerms\">\n                    <label><input type=\"checkbox\" class=\"required\" name=\"acceptVoucherTerms\"> J'accepte par la pr\u00e9sente les termes et conditions, la r\u00e9vocation de la politique de confidentialit\u00e9 et confirme que toutes les informations sont correctes.<\/label>\n                <\/div>\n                <div class=\"voucherNote\">Le bon cadeau est valable et remboursable dans le restaurant Chez Paul, 13 rue de Charonne- 75011 Paris, pendant une dur\u00e9e d\u2019un an \u00e0 compter de la date d\u2019achat. Ne peut \u00eatre r\u00e9gl\u00e9, ni rembours\u00e9 en esp\u00e8ce.<\/div>\n                <div class=\"wpgv-buttons\">\n                    <button type=\"button\" data-next=\"step4\" id=\"paynowbtn\" data-url=\"action=wpgv_doajax_item_pdf_save_func&nonce=19ce4c8b89\">Pay Now<\/button>\n                    <span data-prev=\"step2\" class=\"back-button\">Back<\/span>\n                <\/div>\n            <\/div><\/form><div class=\"wpgv_preview-box wpgvstyle1\">\n                <div class=\"cardDiv\">\n                    <div class=\"cardImgTop\">\n                        <img decoding=\"async\" class=\"uk-thumbnail\" src=\"https:\/\/chezpaul.com\/wp-content\/uploads\/2019\/02\/logo-restaurant-chez-paul-red.png\">\n                    <\/div>\n                    <div class=\"voucherBottomDiv\">\n                        <h2 class=\"itemtitle\"><\/h2>\n                        <p class=\"itemdescription\"><\/p>\n                        <div class=\"uk-form-row\">\n                            <div class=\"nameFormLeft\">\n                                <label>Your Name<\/label>\n                                <input type=\"text\" name=\"forNameCard\" class=\"forNameCard\" readonly>\n                            <\/div>\n                            <div class=\"nameFormRight\">\n                                <label>Recipient Name<\/label>\n                                <input type=\"text\" name=\"fromNameCard\" class=\"fromNameCard\" readonly>\n                            <\/div>\n                            <div class=\"voucherValueForm\">\n                        <label>Voucher Value<\/label>\n                        <span class=\"currencySymbol\"> \u20ac <\/span>\n                        <input type=\"text\" name=\"voucherValueCard\" class=\"voucherValueCard\" readonly>\n                    <\/div>\n                            <div class=\"messageForm\">\n                                <label>Personal Message<\/label>\n                                <textarea name=\"personalMessageCard\" class=\"personalMessageCard\" readonly><\/textarea>\n                            <\/div>\n                            <div class=\"expiryFormLeft\">\n                                <label>Date of Expiry<\/label>\n                                <input type=\"text\" name=\"expiryCard\" class=\"expiryCard\" value=\"17\/04\/2027\n\" readonly>\n                            <\/div>\n                            <div class=\"codeFormRight\">\n                                <label>Coupon Code<\/label>\n                                <input type=\"text\" name=\"codeCard\" class=\"codeCard\" readonly value=\"6234256841004311\">\n                            <\/div>\n                            <div class=\"clearfix\"><\/div>\n                            <div class=\"voucherSiteInfo\"><a href=\"https:\/\/chezpaul.com\">https:\/\/chezpaul.com<\/a> | <a href=\"mailto:reservation@chezpaul.com\">reservation@chezpaul.com<\/a><\/div>\n                            <div class=\"termsCard\">* Le paiement en esp\u00e8ces n\\\\\\\\\\\\\\\\\\\\\\\\\\\\\\\\\\\\\\\\\\\\\\\\\\\\\\\\\\\\\\\\\\\\\\\\\\\\\\\\\\\\\\\\\\\\\\\\\\\\\\\\\\\\\\\\\\\\\\\\\\\\\\\\\\\\\\\\\\\\\\\\\\\\\\\\\\\\\\\\\\\\\\\\\\\\\\\\\\\\\\\\\\\\\\\\\\\\\\\\\\\\\\\\\\\\\\\\\\\\\\\\\\\\\\\\\\\\\\\\\\\\\\\\\\\\\\\\\\\\\\\\\\\\\\\\\\\\\\\\\\\\\\\\\\\\\\\\\\\\\\\\\\\\\\\\\\\\\\\\\\\\\\\\\\\\\\\\\\\\\\\\\\\\\\\\\\\\\\\\\\\\\\\\\\\\\\\\\\\\\\\\\\\\\\\\\\\\\\\\\\\\\\\\\\\\\\\\\\\\\\\\\\\\\\\\\\\\\\\\\\\\\\\\\\\\\\\\\\\\\\\\\\\\\\\\\\\\\\\\\\\\\\\\\\\\\\\\\\\\\\\\\\\\\\'est pas possible. Les termes et conditions s\\\\\\\\\\\\\\\\\\\\\\\\\\\\\\\\\\\\\\\\\\\\\\\\\\\\\\\\\\\\\\\\\\\\\\\\\\\\\\\\\\\\\\\\\\\\\\\\\\\\\\\\\\\\\\\\\\\\\\\\\\\\\\\\\\\\\\\\\\\\\\\\\\\\\\\\\\\\\\\\\\\\\\\\\\\\\\\\\\\\\\\\\\\\\\\\\\\\\\\\\\\\\\\\\\\\\\\\\\\\\\\\\\\\\\\\\\\\\\\\\\\\\\\\\\\\\\\\\\\\\\\\\\\\\\\\\\\\\\\\\\\\\\\\\\\\\\\\\\\\\\\\\\\\\\\\\\\\\\\\\\\\\\\\\\\\\\\\\\\\\\\\\\\\\\\\\\\\\\\\\\\\\\\\\\\\\\\\\\\\\\\\\\\\\\\\\\\\\\\\\\\\\\\\\\\\\\\\\\\\\\\\\\\\\\\\\\\\\\\\\\\\\\\\\\\\\\\\\\\\\\\\\\\\\\\\\\\\\\\\\\\\\\\\\\\\\\\\\\\\\\\\\\\\\\'appliquent.<\/div>\n                        <\/div>\n                    <\/div>\n                    <h3>Voucher Preview<\/h3>\n                <\/div>\n        <\/div><\/div><style><\/style>\n","protected":false},"excerpt":{"rendered":"<p>Looking for a delightful exp\u00e9rience? To share or to offer?<\/p>\n","protected":false},"author":5,"featured_media":0,"parent":0,"menu_order":0,"comment_status":"closed","ping_status":"closed","template":"","meta":{"footnotes":""},"acf":[],"_links":{"self":[{"href":"https:\/\/chezpaul.com\/en\/wp-json\/wp\/v2\/pages\/9530\/"}],"collection":[{"href":"https:\/\/chezpaul.com\/en\/wp-json\/wp\/v2\/pages\/"}],"about":[{"href":"https:\/\/chezpaul.com\/en\/wp-json\/wp\/v2\/types\/page\/"}],"author":[{"embeddable":true,"href":"https:\/\/chezpaul.com\/en\/wp-json\/wp\/v2\/users\/5\/"}],"replies":[{"embeddable":true,"href":"https:\/\/chezpaul.com\/en\/wp-json\/wp\/v2\/comments\/?post=9530"}],"version-history":[{"count":4,"href":"https:\/\/chezpaul.com\/en\/wp-json\/wp\/v2\/pages\/9530\/revisions\/"}],"predecessor-version":[{"id":10212,"href":"https:\/\/chezpaul.com\/en\/wp-json\/wp\/v2\/pages\/9530\/revisions\/10212\/"}],"wp:attachment":[{"href":"https:\/\/chezpaul.com\/en\/wp-json\/wp\/v2\/media\/?parent=9530"}],"curies":[{"name":"wp","href":"https:\/\/api.w.org\/{rel}","templated":true}]}}