{"id":9141,"date":"2019-04-04T13:58:58","date_gmt":"2019-04-04T11:58:58","guid":{"rendered":"https:\/\/chezpaul.com\/tarifs-chez-paul\/"},"modified":"2024-11-22T11:57:08","modified_gmt":"2024-11-22T10:57:08","slug":"chez-paul-prices","status":"publish","type":"page","link":"https:\/\/chezpaul.com\/en\/chez-paul-prices\/","title":{"rendered":"The signature Menu"},"content":{"rendered":"<p><img loading=\"lazy\" decoding=\"async\" class=\"alignnone size-full wp-image-17 lazy aligncenter\" src=\"https:\/\/chezpaul.com\/wp-content\/uploads\/2019\/02\/logo-restaurant-chez-paul-red.png\" alt=\"logo Restaurant Chez Paul Paris\" width=\"464\" height=\"71\" srcset=\"https:\/\/chezpaul.com\/wp-content\/uploads\/2019\/02\/logo-restaurant-chez-paul-red.png 464w, https:\/\/chezpaul.com\/wp-content\/uploads\/2019\/02\/logo-restaurant-chez-paul-red-300x46.png 300w, https:\/\/chezpaul.com\/wp-content\/uploads\/2019\/02\/logo-restaurant-chez-paul-red-90x14.png 90w, https:\/\/chezpaul.com\/wp-content\/uploads\/2019\/02\/logo-restaurant-chez-paul-red-400x61.png 400w\" sizes=\"(max-width: 464px) 100vw, 464px\" \/><\/p>\n<div class=\"su-spacer\" style=\"height:20px\"><\/div>\n<p style=\"text-align: center;\"><span class=\"brushX14\" >At Chez Paul\u2019s we offer you every day a generous and traditional bistro\u00a0cuisine concocted from fresh products, carefully selected for their\u00a0finesse and quality, grown with respect for the land, the people and\u00a0the seasons.<\/span>\n<div class=\"su-spacer\" style=\"height:20px\"><\/div>\n<h2>Our Lunch set menu<\/h2>\n<div class=\"bord-rouge\" >\r\n\t\n<p>Lunchtimes only from 12pm to 3pm. (Excluding weekends and holidays)<\/p>\n<table>\n<tbody>\n<tr>\n<td>Starter + Main course or Main course + Dessert<\/td>\n<td style=\"text-align: right;\">21,00 \u20ac<\/td>\n<\/tr>\n<tr>\n<td>Starter + Mains course + Dessert<\/td>\n<td style=\"text-align: right;\">24,00 \u20ac<\/td>\n<\/tr>\n<\/tbody>\n<\/table>\n<p>Our lunch set menus and day\u2019s suggestion vary on a daily basis\u00a0depending on season and the market.<br \/>\nTo discover them: take a look every day on our homepage!<\/p>\n\r\n<\/div>\n<div class=\"su-spacer\" style=\"height:40px\"><\/div>\n<h2>The signature Menu<\/h2>\n<div class=\"bord-rouge\" >\r\n\t\n<h3>STARTERS<\/h3>\n        <p>&nbsp;<\/p>\n<table style=\"width: 78.3405%; height: 336px;\">\n<tbody>\n<tr style=\"height: 24px;\">\n<td style=\"height: 24px; width: 87.5%;\">Hard-boiled organic eggs with homemade mayonnaise<\/td>\n<td style=\"text-align: right; width: 13.0859%; height: 24px;\">7,00\u20ac<\/td>\n<\/tr>\n<tr style=\"height: 24px;\">\n<td style=\"height: 24px; width: 87.5%;\">Charcuterie specialities mix Laborie &amp; Fils<\/td>\n<td style=\"text-align: right; width: 13.0859%; height: 24px;\">25,00\u20ac<\/td>\n<\/tr>\n<tr style=\"height: 24px;\">\n<td style=\"height: 24px; width: 87.5%;\">6 x Burgundy snails with parsley butter and bread sticks<\/td>\n<td style=\"text-align: right; width: 13.0859%; height: 24px;\">11,00\u20ac<\/td>\n<\/tr>\n<tr style=\"height: 24px;\">\n<td style=\"height: 24px; width: 87.5%;\">Rosemary rabbit rillettes &#8220;homemade specialty&#8221;<\/td>\n<td style=\"text-align: right; width: 13.0859%; height: 24px;\">10,00\u20ac<\/td>\n<\/tr>\n<tr style=\"height: 48px;\">\n<td style=\"height: 48px; width: 87.5%;\">Duet of warm goat cheese on roman salad (pork belly, pepper)<\/td>\n<td style=\"text-align: right; width: 13.0859%; height: 48px;\">14,00\u20ac<\/td>\n<\/tr>\n<tr style=\"height: 24px;\">\n<td style=\"height: 24px; width: 87.5%;\">Frisee with bacon and poached egg<\/td>\n<td style=\"text-align: right; width: 13.0859%; height: 24px;\">13,00\u20ac<\/td>\n<\/tr>\n<tr style=\"height: 24px;\">\n<td style=\"height: 24px; width: 87.5%;\">Leeks, vinaigrette<\/td>\n<td style=\"text-align: right; width: 13.0859%; height: 24px;\">10,00\u20ac<\/td>\n<\/tr>\n<tr style=\"height: 24px;\">\n<td style=\"height: 24px; width: 87.5%;\">Homemade half-cooked duck Foie Gras, pear in wine<\/td>\n<td style=\"text-align: right; width: 13.0859%; height: 24px;\">25,00\u20ac<\/td>\n<\/tr>\n<tr style=\"height: 24px;\">\n<td style=\"height: 24px; width: 87.5%;\">Homemade counrtyside terrine, Basque peppers<\/td>\n<td style=\"text-align: right; width: 13.0859%; height: 24px;\">10,00\u20ac<\/td>\n<\/tr>\n<tr style=\"height: 24px;\">\n<td style=\"height: 24px; width: 87.5%;\">Marrow bone, toasted bread and Gu\u00e9rande sea salt<\/td>\n<td style=\"text-align: right; width: 13.0859%; height: 24px;\">14,00\u20ac<\/td>\n<\/tr>\n<tr style=\"height: 48px;\">\n<td style=\"height: 48px; width: 87.5%;\">Herrings fillets marinated in oil, warm potatoes<\/td>\n<td style=\"text-align: right; width: 13.0859%; height: 48px;\">12,00\u20ac<\/td>\n<\/tr>\n<tr style=\"height: 24px;\">\n<td style=\"height: 24px; width: 87.5%;\">French onion soup gratinated with Morbier cheese<\/td>\n<td style=\"text-align: right; width: 13.0859%; height: 24px;\">13,50\u20ac<\/td>\n<\/tr>\n<tr>\n<td style=\"width: 87.5%;\">Munster cheese, onions and cumin seed tart<\/td>\n<td style=\"text-align: right; width: 13.0859%;\">10,00 \u20ac<\/td>\n<\/tr>\n<\/tbody>\n<\/table>\n            \n    \n<div class=\"su-spacer\" style=\"height:40px\"><\/div>\n<h3>MAIN COURSES<\/h3>\n        <table style=\"width: 100%; height: 384px;\">\n<tbody>\n<tr style=\"height: 24px;\">\n<td style=\"height: 24px;\">Homemade duck confit with garlic potatoes<\/td>\n<td style=\"text-align: right; height: 24px;\">22,00\u20ac<\/td>\n<\/tr>\n<tr style=\"height: 24px;\">\n<td style=\"height: 24px;\">Grilled beef rumsteak, bearnaise sauce, fried potatoes<\/td>\n<td style=\"text-align: right; height: 24px;\">21,00\u20ac<\/td>\n<\/tr>\n<tr style=\"height: 24px;\">\n<td style=\"height: 24px;\">Steak Tartare \u00ab\u00a0Homemade Specialty\u00a0\u00bb, fried potatoes, salad<\/td>\n<td style=\"text-align: right; height: 24px;\">24,00\u20ac<\/td>\n<\/tr>\n<tr style=\"height: 24px;\">\n<td style=\"height: 24px;\">Roasted duck breast with sour cherries candied vegetables<\/td>\n<td style=\"text-align: right; height: 24px;\">25,00\u20ac<\/td>\n<\/tr>\n<tr style=\"height: 24px;\">\n<td style=\"height: 24px;\">Veal&#8217;s head and its brain, gribiche sauce, vegetables<\/td>\n<td style=\"text-align: right; height: 24px;\">21,00\u20ac<\/td>\n<\/tr>\n<tr style=\"height: 48px;\">\n<td style=\"height: 48px;\">Fricass\u00e9e of veal kidneys in Porto cream, Homemade butter mashed potatoes<\/td>\n<td style=\"text-align: right; height: 48px;\">25,00\u20ac<\/td>\n<\/tr>\n<tr style=\"height: 24px;\">\n<td style=\"height: 24px;\">The classic &#8220;Pot-au-feu&#8221;, marrow bone<\/td>\n<td style=\"text-align: right; height: 24px;\">22,00\u20ac<\/td>\n<\/tr>\n<tr style=\"height: 24px;\">\n<td style=\"height: 24px;\">Roasted beef rib, gratin dauphinois (2\/3 pers.)<\/td>\n<td style=\"text-align: right; height: 24px;\">80,00\u20ac<\/td>\n<\/tr>\n<tr style=\"height: 24px;\">\n<td style=\"height: 24px;\">Exclusive andouillette from the Bobosse deli, purple mustard from Brive, authentic fried potatoes<\/td>\n<td style=\"text-align: right; height: 24px;\">23,00\u20ac<\/td>\n<\/tr>\n<tr style=\"height: 24px;\">\n<td style=\"height: 24px;\">Pepper Steak flamb\u00e9 with Cognac, butter and gratin dauphinois<\/td>\n<td style=\"text-align: right; height: 24px;\">29,00\u20ac<\/td>\n<\/tr>\n<tr style=\"height: 24px;\">\n<td style=\"height: 24px;\">Beef tenderloin with bearnaise sauce or &#8220;Borina&#8221; style (pepper), gratin dauphinois<\/td>\n<td style=\"text-align: right; height: 24px;\">34,00\u20ac<\/td>\n<\/tr>\n<tr style=\"height: 48px;\">\n<td style=\"height: 48px;\">Lamb shoulder cooked for 8h and Garrigue&#8217;s flavors, tomato &#8220;Mogette&#8221; beans from Vend\u00e9e (2\/3 pers.)<\/td>\n<td style=\"text-align: right; height: 48px;\">79,00\u20ac<\/td>\n<\/tr>\n<tr style=\"height: 24px;\">\n<td style=\"height: 24px;\">Burger of the day, Bretzel bread, bearnaise sauce, lard, knife french fries<\/td>\n<td style=\"text-align: right; height: 24px;\">20,00\u20ac<\/td>\n<\/tr>\n<tr style=\"height: 24px;\">\n<td style=\"height: 24px;\">Vegan stuffed eggplant, garlic &amp; curry, sweet potatoes and basil pesto<\/td>\n<td style=\"text-align: right; height: 24px;\">19,00\u20ac<\/td>\n<\/tr>\n<\/tbody>\n<\/table>\n<div class=\"su-spacer\" style=\"height:20px\"><\/div>\n<p><em>Beef meats\u2019 origins written on our board, ask your waiter<\/em><\/p>\n<div class=\"su-spacer\" style=\"height:20px\"><\/div>\n<h3>Fish<\/h3>\n<table style=\"width: 77.5444%;\">\n<tbody>\n<tr>\n<td>Grilled Atlantic sardines with Gu\u00e9rande salt, garlic gloves, ratatouille<\/td>\n<td style=\"text-align: right;\">19,00\u20ac<\/td>\n<\/tr>\n<tr>\n<td>Cod fillet, Nantes-style herbs butter sauce, seasonal vegetables<\/td>\n<td style=\"text-align: right;\">29,00\u20ac<\/td>\n<\/tr>\n<\/tbody>\n<\/table>\n            \n    \n<div class=\"su-spacer\" style=\"height:40px\"><\/div>\n<h3>CHEESE<\/h3>\n        <table style=\"width: 78.5006%; height: 72px;\">\n<tbody>\n<tr style=\"height: 48px;\">\n<td style=\"height: 48px;\">Cantal, Brie de Meaux, Ch\u00e8vre, Roquefort or St Nectaire fermier<\/td>\n<td style=\"text-align: right; height: 48px;\">9,00\u20ac<\/td>\n<\/tr>\n<tr style=\"height: 24px;\">\n<td style=\"height: 24px;\">Plate of cheese<\/td>\n<td style=\"text-align: right; height: 24px;\">18,00\u20ac<\/td>\n<\/tr>\n<\/tbody>\n<\/table>\n            \n    \n<div class=\"su-spacer\" style=\"height:40px\"><\/div>\n<h3>DESSERTS<\/h3>\n        <table>\n<tbody>\n<tr>\n<td>Caramel cream, gavotte<\/td>\n<td style=\"text-align: right;\">6,50\u20ac<\/td>\n<\/tr>\n<tr>\n<td>Floating island, grilled almonds and vanilla custard sauce<\/td>\n<td style=\"text-align: right;\">9,00\u20ac<\/td>\n<\/tr>\n<tr>\n<td>The traditionnal Rum Baba with chantilly<\/td>\n<td style=\"text-align: right;\">12,00\u20ac<\/td>\n<\/tr>\n<tr>\n<td>Spicy and vanilla pear in wine &#8220;homemade specialty&#8221;<\/td>\n<td style=\"text-align: right;\">10,00\u20ac<\/td>\n<\/tr>\n<tr>\n<td>The famous caramelized Apple Tart Tatin with fresh cream<\/td>\n<td style=\"text-align: right;\">10,00\u20ac<\/td>\n<\/tr>\n<tr>\n<td>Sherbet or Ice cream* \u00ab Gamme des Chefs \u00bb two scoops : Vanilla, chocolate, lemon, blackcurrant, coffee, strawberry<\/td>\n<td style=\"text-align: right;\">6,00\u20ac<\/td>\n<\/tr>\n<tr>\n<td>Chocolate charlotte with pink biscuits from Reims, custard sauce<\/td>\n<td style=\"text-align: right;\">9,00\u20ac<\/td>\n<\/tr>\n<tr>\n<td>Generous homemade chocolate profiteroles, vanilla ice cream<\/td>\n<td style=\"text-align: right;\">11,00\u20ac<\/td>\n<\/tr>\n<tr>\n<td>Vanilla Bourbon cr\u00e8me br\u00fbl\u00e9e<\/td>\n<td style=\"text-align: right;\">10,00\u20ac<\/td>\n<\/tr>\n<tr>\n<td>Gourmet coffee or tea*<\/td>\n<td style=\"text-align: right;\">9,00\u20ac<\/td>\n<\/tr>\n<\/tbody>\n<\/table>\n<div class=\"su-spacer\" style=\"height:20px\"><\/div>\n<p><em>homemade except asterisks *<\/em><\/p>\n            \n    \n<p><img loading=\"lazy\" decoding=\"async\" src=\"https:\/\/chezpaul.com\/wp-content\/uploads\/2019\/04\/logo-cuisine-fait-maison-black.png\" alt=\"\" width=\"114\" height=\"114\" \/><\/p>\n\r\n<\/div>\n<div class=\"su-spacer\" style=\"height:40px\"><\/div>\n<h2>Wines<\/h2>\n<div class=\"bord-rouge\" >\r\n\t\n                    \n    \n\r\n<\/div>\n<div class=\"su-spacer\" style=\"height:40px\"><\/div>\n<p style=\"text-align: center;\">Taxes and services included, price in euro all taxes included.<\/p>\n<p style=\"text-align: center;\">Chez Paul &#8211;\u00a0Non-stop service &#8211; Every day from 12pm to 1am &#8211;\u00a0Booking recommended &#8211; <a href=\"tel:+33147003457\">(+33) 01 47 00 34 57<\/a> &#8211; 13 rue de Charonne 75011<\/p>\n","protected":false},"excerpt":{"rendered":"<p>Our Lunch set menu The signature Menu Wines Taxes and services included, price in euro all taxes included. Chez Paul &#8211;\u00a0Non-stop service &#8211; Every day from 12pm to 1am &#8211;\u00a0Booking recommended &#8211; [&hellip;]<\/p>\n","protected":false},"author":5,"featured_media":0,"parent":0,"menu_order":0,"comment_status":"closed","ping_status":"closed","template":"","meta":{"footnotes":""},"acf":[],"_links":{"self":[{"href":"https:\/\/chezpaul.com\/en\/wp-json\/wp\/v2\/pages\/9141\/"}],"collection":[{"href":"https:\/\/chezpaul.com\/en\/wp-json\/wp\/v2\/pages\/"}],"about":[{"href":"https:\/\/chezpaul.com\/en\/wp-json\/wp\/v2\/types\/page\/"}],"author":[{"embeddable":true,"href":"https:\/\/chezpaul.com\/en\/wp-json\/wp\/v2\/users\/5\/"}],"replies":[{"embeddable":true,"href":"https:\/\/chezpaul.com\/en\/wp-json\/wp\/v2\/comments\/?post=9141"}],"version-history":[{"count":13,"href":"https:\/\/chezpaul.com\/en\/wp-json\/wp\/v2\/pages\/9141\/revisions\/"}],"predecessor-version":[{"id":118443,"href":"https:\/\/chezpaul.com\/en\/wp-json\/wp\/v2\/pages\/9141\/revisions\/118443\/"}],"wp:attachment":[{"href":"https:\/\/chezpaul.com\/en\/wp-json\/wp\/v2\/media\/?parent=9141"}],"curies":[{"name":"wp","href":"https:\/\/api.w.org\/{rel}","templated":true}]}}