{"id":9046,"date":"2019-04-04T10:43:48","date_gmt":"2019-04-04T08:43:48","guid":{"rendered":"https:\/\/chezpaul.com\/?page_id=9046"},"modified":"2026-05-03T10:27:14","modified_gmt":"2026-05-03T08:27:14","slug":"the-day-s-suggestion","status":"publish","type":"page","link":"https:\/\/chezpaul.com\/en\/accueil\/the-day-s-suggestion\/","title":{"rendered":"The day\u2019s suggestion"},"content":{"rendered":"<div class=\"row\">\r\n\t\r\n<\/div><div class=\"col-md-4 contenu-bloc-modal-gauche modal-fond-gris\">\r\n\t\n<div class=\"px-4\" >\r\n\t\n<div class=\"contenu-bloc-modal-gauche-haut\" >\r\n\t\n<h2>Dimanche<\/h2>\n<h2>03 Mai 2026<\/h2>\n\r\n<\/div>\n<div class=\"contenu-bloc-modal-gauche-bas\" >\r\n\t\n<p>13 \u20ac *<\/p>\n<p>Le plat du jour <br \/>\ndu March\u00e9\u00a0de Rungis<\/p>\n<p><em>* Valable uniquement du lundi au vendredi d-e 12h \u00e0 15h (hors week-end et jours f\u00e9ri\u00e9s)<\/em><\/p>\n<p>Une s\u00e9lection subtile de produits frais et de qualit\u00e9 du march\u00e9. Le tout, enlumin\u00e9 par la touche tradition de notre Chef.<\/p>\n\r\n<\/div>\n\r\n<\/div>\n\r\n<\/div><div class=\"col-md-8 contenu-bloc-modal-droit modal-fond-rose text-white\">\r\n\t\n<div class=\"\" >\r\n\t\n<p><strong>ENTR\u00c9ES<\/strong><\/p>\n<table>\n<tbody>\n<tr>\n<td>Asperges vertesdes Landes, vinaigrette<\/td>\n<td>\n<p><strong>16\u20ac<\/strong><\/p>\n<\/td>\n<\/tr>\n<tr>\n<td>Mozzarella di Bufala fum\u00e9e et tomates anciennes, cr\u00e8me de basilic et huile d&#8217;olive<\/td>\n<td>\n<p><strong>13\u20ac<\/strong><\/p>\n<\/td>\n<\/tr>\n<tr>\n<td>Moules farcies en persillade<\/td>\n<td>\n<p><strong>10\u20ac<\/strong><\/p>\n<\/td>\n<\/tr>\n<\/tbody>\n<\/table>\n<div class=\"su-spacer\" style=\"height:20px\"><\/div>\n<p><strong>PLATS<\/strong><\/p>\n<table>\n<tbody>\n<tr>\n<td>Salade folle au foie gras : poulet, pois gourmand, haricots verts, pains d&#8217;\u00e9pices, vinaigrette de graines \u00e0 la framboise<\/td>\n<td>\n<p><strong>19\u20ac<\/strong><\/p>\n<\/td>\n<\/tr>\n<tr>\n<td>Filet de bar \u00e0 la plancha, beurre blanc aux baies roses, l\u00e9gumes confits<\/td>\n<td>\n<p><strong>25\u20ac<\/strong><\/p>\n<\/td>\n<\/tr>\n<tr>\n<td>Pav\u00e9 de veau \u00e0 la proven\u00e7ale, asperges sauvages et pommes Charlottes aux aromates<\/td>\n<td>\n<p><strong>24\u20ac<\/strong><\/p>\n<\/td>\n<\/tr>\n<tr>\n<td>Pintade fermi\u00e8re Label Rouge et son jus, polenta au foie gras et Comt\u00e9<\/td>\n<td>\n<p><strong>24\u20ac<\/strong><\/p>\n<\/td>\n<\/tr>\n<\/tbody>\n<\/table>\n<div class=\"su-spacer\" style=\"height:20px\"><\/div>\n<p><strong>DESSERTS<\/strong><\/p>\n<table>\n<tbody>\n<tr>\n<td>Eclair aux fruits rouges<\/td>\n<td>\n<p><strong>9,50\u20ac<\/strong><\/p>\n<\/td>\n<\/tr>\n<tr>\n<td>Tarte aux framboises<\/td>\n<td>\n<p><strong>9\u20ac<\/strong><\/p>\n<\/td>\n<\/tr>\n<\/tbody>\n<\/table>\n\r\n<\/div>\n<span class=\"brushX14 btn btn-sm brush-white\" ><a href=\"#\" data-dismiss=\"modal\">Fermer<\/a><\/span>\n\r\n<\/div>[\/su_bo7otstrap_row]\n","protected":false},"excerpt":{"rendered":"<p>[\/su_bo7otstrap_row]<\/p>\n","protected":false},"author":5,"featured_media":0,"parent":8942,"menu_order":0,"comment_status":"closed","ping_status":"closed","template":"","meta":{"footnotes":""},"acf":[],"_links":{"self":[{"href":"https:\/\/chezpaul.com\/en\/wp-json\/wp\/v2\/pages\/9046\/"}],"collection":[{"href":"https:\/\/chezpaul.com\/en\/wp-json\/wp\/v2\/pages\/"}],"about":[{"href":"https:\/\/chezpaul.com\/en\/wp-json\/wp\/v2\/types\/page\/"}],"author":[{"embeddable":true,"href":"https:\/\/chezpaul.com\/en\/wp-json\/wp\/v2\/users\/5\/"}],"replies":[{"embeddable":true,"href":"https:\/\/chezpaul.com\/en\/wp-json\/wp\/v2\/comments\/?post=9046"}],"version-history":[{"count":15,"href":"https:\/\/chezpaul.com\/en\/wp-json\/wp\/v2\/pages\/9046\/revisions\/"}],"predecessor-version":[{"id":143378,"href":"https:\/\/chezpaul.com\/en\/wp-json\/wp\/v2\/pages\/9046\/revisions\/143378\/"}],"up":[{"embeddable":true,"href":"https:\/\/chezpaul.com\/en\/wp-json\/wp\/v2\/pages\/8942\/"}],"wp:attachment":[{"href":"https:\/\/chezpaul.com\/en\/wp-json\/wp\/v2\/media\/?parent=9046"}],"curies":[{"name":"wp","href":"https:\/\/api.w.org\/{rel}","templated":true}]}}