{"id":8958,"date":"2019-02-25T14:17:49","date_gmt":"2019-02-25T13:17:49","guid":{"rendered":"https:\/\/chezpaul.com\/chez-paul-the-menu\/les-desserts\/"},"modified":"2025-10-28T14:24:15","modified_gmt":"2025-10-28T13:24:15","slug":"desserts","status":"publish","type":"page","link":"https:\/\/chezpaul.com\/en\/chez-paul-menu\/desserts\/","title":{"rendered":"Desserts"},"content":{"rendered":"<table>\n<tbody>\n<tr>\n<td>Caramel cream, gavotte<\/td>\n<td style=\"text-align: right;\">6,50\u20ac<\/td>\n<\/tr>\n<tr>\n<td>Floating island, grilled almonds and vanilla custard sauce<\/td>\n<td style=\"text-align: right;\">9,00\u20ac<\/td>\n<\/tr>\n<tr>\n<td>The traditionnal Rum Baba with chantilly<\/td>\n<td style=\"text-align: right;\">12,00\u20ac<\/td>\n<\/tr>\n<tr>\n<td>Spicy and vanilla pear in wine &#8220;homemade specialty&#8221;<\/td>\n<td style=\"text-align: right;\">10,00\u20ac<\/td>\n<\/tr>\n<tr>\n<td>The famous caramelized Apple Tart Tatin with fresh cream<\/td>\n<td style=\"text-align: right;\">10,00\u20ac<\/td>\n<\/tr>\n<tr>\n<td>Sherbet or Ice cream* \u00ab Gamme des Chefs \u00bb two scoops : Vanilla, chocolate, lemon, blackcurrant, coffee, strawberry<\/td>\n<td style=\"text-align: right;\">6,00\u20ac<\/td>\n<\/tr>\n<tr>\n<td>Chocolate charlotte with pink biscuits from Reims, custard sauce<\/td>\n<td style=\"text-align: right;\">9,00\u20ac<\/td>\n<\/tr>\n<tr>\n<td>Generous homemade chocolate profiteroles, vanilla ice cream<\/td>\n<td style=\"text-align: right;\">11,00\u20ac<\/td>\n<\/tr>\n<tr>\n<td>Vanilla Bourbon cr\u00e8me br\u00fbl\u00e9e<\/td>\n<td style=\"text-align: right;\">10,00\u20ac<\/td>\n<\/tr>\n<tr>\n<td>Gourmet coffee or tea*<\/td>\n<td style=\"text-align: right;\">9,00\u20ac<\/td>\n<\/tr>\n<\/tbody>\n<\/table>\n<div class=\"su-spacer\" style=\"height:20px\"><\/div>\n<p><em>homemade except asterisks *<\/em><\/p>\n","protected":false},"excerpt":{"rendered":"<p>Caramel cream, gavotte 6,50\u20ac Floating island, grilled almonds and vanilla custard sauce 9,00\u20ac The traditionnal Rum Baba with chantilly 12,00\u20ac Spicy and vanilla pear in wine &#8220;homemade specialty&#8221; 10,00\u20ac The famous caramelized [&hellip;]<\/p>\n","protected":false},"author":5,"featured_media":8698,"parent":8951,"menu_order":0,"comment_status":"closed","ping_status":"closed","template":"","meta":{"footnotes":""},"acf":[],"_links":{"self":[{"href":"https:\/\/chezpaul.com\/en\/wp-json\/wp\/v2\/pages\/8958\/"}],"collection":[{"href":"https:\/\/chezpaul.com\/en\/wp-json\/wp\/v2\/pages\/"}],"about":[{"href":"https:\/\/chezpaul.com\/en\/wp-json\/wp\/v2\/types\/page\/"}],"author":[{"embeddable":true,"href":"https:\/\/chezpaul.com\/en\/wp-json\/wp\/v2\/users\/5\/"}],"replies":[{"embeddable":true,"href":"https:\/\/chezpaul.com\/en\/wp-json\/wp\/v2\/comments\/?post=8958"}],"version-history":[{"count":16,"href":"https:\/\/chezpaul.com\/en\/wp-json\/wp\/v2\/pages\/8958\/revisions\/"}],"predecessor-version":[{"id":134545,"href":"https:\/\/chezpaul.com\/en\/wp-json\/wp\/v2\/pages\/8958\/revisions\/134545\/"}],"up":[{"embeddable":true,"href":"https:\/\/chezpaul.com\/en\/wp-json\/wp\/v2\/pages\/8951\/"}],"wp:featuredmedia":[{"embeddable":true,"href":"https:\/\/chezpaul.com\/en\/wp-json\/wp\/v2\/media\/8698\/"}],"wp:attachment":[{"href":"https:\/\/chezpaul.com\/en\/wp-json\/wp\/v2\/media\/?parent=8958"}],"curies":[{"name":"wp","href":"https:\/\/api.w.org\/{rel}","templated":true}]}}