{"id":10044,"date":"2019-05-24T12:04:26","date_gmt":"2019-05-24T10:04:26","guid":{"rendered":"https:\/\/chezpaul.com\/?page_id=10044"},"modified":"2023-06-30T15:56:46","modified_gmt":"2023-06-30T13:56:46","slug":"wines","status":"publish","type":"page","link":"https:\/\/chezpaul.com\/en\/chez-paul-prices\/wines\/","title":{"rendered":"Wines"},"content":{"rendered":"<table>\n<tbody>\n<tr>\n<td colspan=\"2\">\n<h3>ALSACE<\/h3>\n<\/td>\n<td>&nbsp;<\/td>\n<td>&nbsp;<\/td>\n<\/tr>\n<tr>\n<td>\n<pre>BLANC<\/pre>\n<\/td>\n<td>\n<p>Gewurtztraminer BIO Domaine Riefle 2020 &#8220;Bonheur Convivial&#8221;<\/p>\n<\/td>\n<td><img loading=\"lazy\" decoding=\"async\" width=\"35\" height=\"35\" class=\"alignnone size-full wp-image-9266 lazy\" src=\"https:\/\/chezpaul.com\/wp-content\/uploads\/2019\/04\/icon-vins-bio-black.png\" alt=\"\" \/><\/td>\n<td>75cl &#8211; 29 \u20ac<\/td>\n<\/tr>\n<\/tbody>\n<\/table>\n<div class=\"su-spacer\" style=\"height:40px\"><\/div>\n<table>\n<tbody>\n<tr>\n<td colspan=\"2\">\n<h3>BEAUJOLAIS<\/h3>\n<\/td>\n<td>&nbsp;<\/td>\n<td>&nbsp;<\/td>\n<\/tr>\n<tr>\n<td>\n<pre>ROUGE<\/pre>\n<\/td>\n<td>Saint Amour Accroche C\u0153ur 2021<\/td>\n<td>&nbsp;<\/td>\n<td>75cl &#8211; 38 \u20ac<\/td>\n<\/tr>\n<tr>\n<td>\n<pre>ROUGE<\/pre>\n<\/td>\n<td>Saint Amour Accroche C\u0153ur 2021<\/td>\n<td>&nbsp;<\/td>\n<td>37,5cl &#8211;\u00a020\u00a0\u20ac<\/td>\n<\/tr>\n<tr>\n<td>\n<pre>ROUGE<\/pre>\n<\/td>\n<td>Brouilly Domaine de Chatelan 2021<\/td>\n<td>&nbsp;<\/td>\n<td>75cl &#8211; 34 \u20ac<\/td>\n<\/tr>\n<tr>\n<td>\n<pre>ROUGE<\/pre>\n<\/td>\n<td>Brouilly Domaine de Chatelan 2021<\/td>\n<td>&nbsp;<\/td>\n<td>37,5cl &#8211;\u00a019\u00a0\u20ac<\/td>\n<\/tr>\n<tr>\n<td>\n<pre>ROUGE<\/pre>\n<\/td>\n<td>Morgon C\u00f4te du Py Domaine Foillard 2016<\/td>\n<td><img loading=\"lazy\" decoding=\"async\" width=\"65\" height=\"35\" class=\"alignnone size-full wp-image-9264 lazy\" src=\"https:\/\/chezpaul.com\/wp-content\/uploads\/2019\/04\/icon-vins-bio-nature-black.png\" alt=\"\" \/><\/td>\n<td>75cl &#8211; 59 \u20ac<\/td>\n<\/tr>\n<tr>\n<td>\n<pre>ROUGE<\/pre>\n<\/td>\n<td>Fleurie Greta Carbo 2019 Domaine Marc Delienne<\/td>\n<td><img loading=\"lazy\" decoding=\"async\" width=\"65\" height=\"35\" class=\"alignnone size-full wp-image-9264 lazy\" src=\"https:\/\/chezpaul.com\/wp-content\/uploads\/2019\/04\/icon-vins-bio-nature-black.png\" alt=\"\" \/><\/td>\n<td>75cl &#8211; 56 \u20ac<\/td>\n<\/tr>\n<tr>\n<td>\n<pre>ROUGE<\/pre>\n<\/td>\n<td>Julienas Cuv\u00e9e C\u00e9sar 2020<\/td>\n<td>&nbsp;<\/td>\n<td>\n<p>75cl &#8211; 34 \u20ac<\/p>\n<\/td>\n<\/tr>\n<tr>\n<td>\n<pre>ROUGE<\/pre>\n<\/td>\n<td>Pichet de Beaujolais Village<\/td>\n<td>&nbsp;<\/td>\n<td>\n<p>37,5cl &#8211;\u00a06\u00a0\u20ac<\/p>\n<p>50cl &#8211; 18 \u20ac<\/p>\n<p>75cl &#8211; 28 \u20ac<\/p>\n<p>100cl &#8211; 37,50 \u20ac<\/p>\n<\/td>\n<\/tr>\n<\/tbody>\n<\/table>\n<div class=\"su-spacer\" style=\"height:40px\"><\/div>\n<table>\n<tbody>\n<tr>\n<td colspan=\"2\">\n<h3>BORDEAUX<\/h3>\n<\/td>\n<td>&nbsp;<\/td>\n<td>&nbsp;<\/td>\n<\/tr>\n<tr>\n<td>\n<pre>ROUGE<\/pre>\n<\/td>\n<td>Bordeaux Ch\u00e2teau Malbec 2020<\/td>\n<td>&nbsp;<\/td>\n<td>75cl &#8211; 26 \u20ac<\/td>\n<\/tr>\n<tr>\n<td>ROUGE<\/td>\n<td>Haut M\u00e9doc Ch\u00e2teau S\u00e9monlon 2020<\/td>\n<td>&nbsp;<\/td>\n<td>75cl &#8211; 25\u20ac<\/td>\n<\/tr>\n<tr>\n<td>\n<pre>ROUGE<\/pre>\n<\/td>\n<td>Lussac Saint Emilion Ch\u00e2teau du Courlat, cuv\u00e9e JB 2015<\/td>\n<td>&nbsp;<\/td>\n<td>75cl &#8211; 85 \u20ac<\/td>\n<\/tr>\n<tr>\n<td>\n<pre>ROUGE<\/pre>\n<\/td>\n<td>M\u00e9doc &#8220;Ch\u00e2teau Tour Prignac&#8221; Grande r\u00e9serve 2015<\/td>\n<td>&nbsp;<\/td>\n<td>75cl &#8211; 40 \u20ac<\/td>\n<\/tr>\n<tr>\n<td>\n<pre>ROUGE<\/pre>\n<\/td>\n<td>Ch\u00e2teau Haut Rian C\u00f4tes de Bordeaux Tradition 2019<\/td>\n<td>&nbsp;<\/td>\n<td>75cl &#8211; 20 \u20ac<\/td>\n<\/tr>\n<tr>\n<td>ROUGE<\/td>\n<td>Ch\u00e2teau Haut Rian S\u00e9lection Saint Seurin 2018<\/td>\n<td>&nbsp;<\/td>\n<td>75cl &#8211; 23\u20ac<\/td>\n<\/tr>\n<tr>\n<td>\n<pre>ROUGE<\/pre>\n<\/td>\n<td>Lalande de Pomerol &#8220;Les Hauts Conseillants&#8221; 2013<\/td>\n<td>&nbsp;<\/td>\n<td>75cl &#8211; 45\u00a0\u20ac<\/td>\n<\/tr>\n<tr>\n<td>\n<pre>ROUGE<\/pre>\n<\/td>\n<td>St Est\u00e8phe \u00ab Ch\u00e2teau Coutelin Merville\u201d Cru Bourgeois 2014<\/td>\n<td>&nbsp;<\/td>\n<td>75cl &#8211; 47\u00a0\u20ac<\/td>\n<\/tr>\n<tr>\n<td>\n<pre>ROUGE<\/pre>\n<\/td>\n<td>Bordeaux vin de jardin Domaine de Galouchey 2020<\/td>\n<td>&nbsp;<\/td>\n<td>75cl &#8211; 46\u00a0\u20ac<\/td>\n<\/tr>\n<tr>\n<td>\n<pre>ROUGE<\/pre>\n<\/td>\n<td>Pomerol &#8220;Ch\u00e2teau Bonalgue&#8221; 2011<\/td>\n<td>&nbsp;<\/td>\n<td>75cl &#8211; 80\u00a0\u20ac<\/td>\n<\/tr>\n<tr>\n<td>\n<pre>ROUGE<\/pre>\n<\/td>\n<td>M\u00e9doc Ch\u00e2teau Lacroix Dompierre 2018<\/td>\n<td>&nbsp;<\/td>\n<td>75cl &#8211; 49 \u20ac<\/td>\n<\/tr>\n<tr>\n<td>\n<pre>ROUGE<\/pre>\n<\/td>\n<td>Pauillac Dompierre 2017<\/td>\n<td>&nbsp;<\/td>\n<td>75cl &#8211; 95 \u20ac<\/td>\n<\/tr>\n<tr>\n<td>\n<pre>ROUGE<\/pre>\n<\/td>\n<td>Ch\u00e2teau Tour de Luchey 2020<\/td>\n<td><img loading=\"lazy\" decoding=\"async\" width=\"35\" height=\"35\" class=\"alignnone size-full wp-image-9266 lazy\" src=\"https:\/\/chezpaul.com\/wp-content\/uploads\/2019\/04\/icon-vins-bio-black.png\" alt=\"\" \/><\/td>\n<td>\n<p>14cl &#8211; 4,50 \u20ac<\/p>\n<p>25cl &#8211; 7\u00a0\u20ac<\/p>\n<p>50cl &#8211; 14 \u20ac<\/p>\n<p>75cl &#8211; 21 \u20ac<\/p>\n<\/td>\n<\/tr>\n<tr>\n<td>\n<pre>BLANC<\/pre>\n<\/td>\n<td>Sauternes &#8220;Ch\u00e2teau Grillon&#8221; 2019<\/td>\n<td>&nbsp;<\/td>\n<td>75cl &#8211; 48\u00a0\u20ac<\/td>\n<\/tr>\n<\/tbody>\n<\/table>\n<div class=\"su-spacer\" style=\"height:40px\"><\/div>\n<table>\n<tbody>\n<tr>\n<td colspan=\"2\">\n<h3>BOURGOGNE<\/h3>\n<\/td>\n<td>&nbsp;<\/td>\n<td>&nbsp;<\/td>\n<\/tr>\n<tr>\n<td>\n<pre>ROUGE<\/pre>\n<\/td>\n<td>Givry Domaine Pigneret Fils 2020<\/td>\n<td>&nbsp;<\/td>\n<td>75cl &#8211; 57 \u20ac<\/td>\n<\/tr>\n<tr>\n<td>\n<pre>ROUGE<\/pre>\n<\/td>\n<td>Mercurey Domaine Pigneret Fils 2020<\/td>\n<td><img loading=\"lazy\" decoding=\"async\" width=\"35\" height=\"35\" class=\"alignnone size-full wp-image-9266 lazy\" src=\"https:\/\/chezpaul.com\/wp-content\/uploads\/2019\/04\/icon-vins-bio-black.png\" alt=\"\" \/><\/td>\n<td>75cl &#8211; 57 \u20ac<\/td>\n<\/tr>\n<tr>\n<td>\n<pre>ROUGE<\/pre>\n<\/td>\n<td>Ladoix Claude Chevalier 2021<\/td>\n<td>&nbsp;<\/td>\n<td>75cl &#8211; 56 \u20ac<\/td>\n<\/tr>\n<tr>\n<td>\n<pre>ROUGE<\/pre>\n<\/td>\n<td>Maranges 1er cru &#8220;La Fussi\u00e8re&#8221; 2015 Domaine Chevrot<\/td>\n<td><img loading=\"lazy\" decoding=\"async\" width=\"35\" height=\"35\" class=\"alignnone size-full wp-image-9266 lazy\" src=\"https:\/\/chezpaul.com\/wp-content\/uploads\/2019\/04\/icon-vins-bio-black.png\" alt=\"\" \/><\/td>\n<td>75cl &#8211; 58 \u20ac<\/td>\n<\/tr>\n<\/tbody>\n<\/table>\n<div class=\"su-spacer\" style=\"height:40px\"><\/div>\n<table>\n<tbody>\n<tr>\n<td colspan=\"2\">\n<h3>CHAMPAGNE<\/h3>\n<\/td>\n<td>&nbsp;<\/td>\n<\/tr>\n<tr>\n<td>\n<pre>ROUGE<\/pre>\n<\/td>\n<td>Champagne Malard 1er cru<\/td>\n<td>\n<p>14cl &#8211; 10\u00a0\u20ac<\/p>\n<p>75cl &#8211; 74 \u20ac<\/p>\n<\/td>\n<\/tr>\n<tr>\n<td>\n<pre>ROUGE<\/pre>\n<\/td>\n<td>Champagne Gonet<\/td>\n<td>\n<p>75cl &#8211;\u00a0 82 \u20ac<\/p>\n<\/td>\n<\/tr>\n<\/tbody>\n<\/table>\n<div class=\"su-spacer\" style=\"height:40px\"><\/div>\n<table>\n<tbody>\n<tr>\n<td colspan=\"2\">\n<h3>C\u00d4TE DE PROVENCE<\/h3>\n<\/td>\n<td>&nbsp;<\/td>\n<\/tr>\n<tr>\n<td>\n<pre>ROS\u00c9<\/pre>\n<\/td>\n<td>Domaine de la croix &#8220;Irresistible&#8221; 2022<\/td>\n<td>75cl &#8211; 30 \u20ac<\/td>\n<\/tr>\n<tr>\n<td>ROS\u00c9<\/td>\n<td>Coteaux d&#8217;Aix en Provence &#8220;Les Pierrailles&#8221;<\/td>\n<td>\n<p>14cl &#8211; 4 \u20ac<\/p>\n<p>25cl &#8211; 6,50 \u20ac<\/p>\n<p>50cl &#8211; 13 \u20ac<\/p>\n<p>75cl &#8211; 19 \u20ac<\/p>\n<\/td>\n<\/tr>\n<\/tbody>\n<\/table>\n<div class=\"su-spacer\" style=\"height:40px\"><\/div>\n<table>\n<tbody>\n<tr>\n<td colspan=\"2\">\n<h3>C\u00d4TES DU RH\u00d4NE<\/h3>\n<\/td>\n<td>&nbsp;<\/td>\n<td>&nbsp;<\/td>\n<\/tr>\n<tr>\n<td>\n<pre>ROUGE<\/pre>\n<\/td>\n<td>C\u00f4te du Rh\u00f4ne Village &#8220;Cairanne&#8221; 2021 Petit C\u0153ur<\/td>\n<td>&nbsp;<\/td>\n<td>75cl &#8211; 27 \u20ac<\/td>\n<\/tr>\n<tr>\n<td>\n<pre>ROUGE<\/pre>\n<\/td>\n<td>C\u00f4te du Rh\u00f4ne rouge des sources de l&#8217;Oppidum 2018<\/td>\n<td>&nbsp;<\/td>\n<td>75cl &#8211; 30 \u20ac<\/td>\n<\/tr>\n<tr>\n<td>\n<pre>ROUGE<\/pre>\n<\/td>\n<td>Domaine de Pierre Blanche St Joseph &#8220;Les Caboles&#8221; 2021<\/td>\n<td>&nbsp;<\/td>\n<td>75cl &#8211; 55 \u20ac<\/td>\n<\/tr>\n<tr>\n<td>\n<pre>ROUGE<\/pre>\n<\/td>\n<td>C\u00f4te du Rh\u00f4ne Village &#8220;Beaumes de Venise&#8221; 2020<\/td>\n<td>&nbsp;<\/td>\n<td>75cl &#8211; 22 \u20ac<\/td>\n<\/tr>\n<tr>\n<td>\n<pre>ROUGE<\/pre>\n<\/td>\n<td>L&#8217;\u00e9chapp\u00e9e Dambrun 2019 AOC Ventoux<\/td>\n<td>&nbsp;<\/td>\n<td>75cl &#8211; 35 \u20ac<\/td>\n<\/tr>\n<tr>\n<td>\n<pre>ROUGE<\/pre>\n<\/td>\n<td>Crozes Hermitage cuv\u00e9e L. Combier 2021<\/td>\n<td>&nbsp;<\/td>\n<td>75cl &#8211; 35 \u20ac<\/td>\n<\/tr>\n<tr>\n<td>\n<pre>ROUGE<\/pre>\n<\/td>\n<td>Ch\u00e2teau Vacqueyras Pierre Amadieu 2017<\/td>\n<td>&nbsp;<\/td>\n<td>\n<p>14cl &#8211; 10,50 \u20ac<\/p>\n<p>25cl &#8211; 17 \u20ac<\/p>\n<p>50cl &#8211; 34 \u20ac<\/p>\n<p>75cl &#8211; 51 \u20ac<\/p>\n<\/td>\n<\/tr>\n<tr>\n<td>\n<pre>ROUGE<\/pre>\n<\/td>\n<td>Pichet de C\u00f4te du Rh\u00f4ne<\/td>\n<td>&nbsp;<\/td>\n<td>\n<p>25cl &#8211; 7 \u20ac<\/p>\n<p>50cl &#8211; 14 \u20ac<\/p>\n<p>75cl &#8211; 21 \u20ac<\/p>\n<p>100cl &#8211; 28 \u20ac<\/p>\n<\/td>\n<\/tr>\n<\/tbody>\n<\/table>\n<div class=\"su-spacer\" style=\"height:40px\"><\/div>\n<table>\n<tbody>\n<tr>\n<td colspan=\"2\">\n<h3>PAYS DU SUD<\/h3>\n<\/td>\n<td>&nbsp;<\/td>\n<td>&nbsp;<\/td>\n<\/tr>\n<tr>\n<td>\n<pre>ROUGE<\/pre>\n<\/td>\n<td>Corbi\u00e8res Domaine Villemajou rouge G\u00e9rard Bertrand 2020<\/td>\n<td>&nbsp;<\/td>\n<td>75cl &#8211; 36 \u20ac<\/td>\n<\/tr>\n<tr>\n<td>\n<pre>ROUGE<\/pre>\n<\/td>\n<td>Duc de Castellac 2018 &#8211; Bergerac Rouge<\/td>\n<td>&nbsp;<\/td>\n<td>75cl &#8211; 19\u00a0\u20ac<\/td>\n<\/tr>\n<tr>\n<td>\n<pre>ROUGE<\/pre>\n<\/td>\n<td>AOC Minervois 2019 Champs du Li\u00e8vre<\/td>\n<td>&nbsp;<\/td>\n<td>75cl &#8211; 34 \u20ac<\/td>\n<\/tr>\n<tr>\n<td>\n<pre>ROUGE<\/pre>\n<\/td>\n<td>Les Creisses 2020<\/td>\n<td>&nbsp;<\/td>\n<td>\n<p>75cl &#8211; 44 \u20ac<\/p>\n<p>1,5L &#8211; 90 \u20ac<\/p>\n<\/td>\n<\/tr>\n<tr>\n<td>ROUGE<\/td>\n<td>Gigondas Domaine Fran\u00e7ois Xavier Lambert 2020<\/td>\n<td>&nbsp;<\/td>\n<td>\n<p>75cl &#8211; 50 \u20ac<\/p>\n<\/td>\n<\/tr>\n<tr>\n<td>ROUGE<\/td>\n<td>Pinot Noir corse I Fratelli 2020<\/td>\n<td>&nbsp;<\/td>\n<td>\n<p>75cl &#8211; 30 \u20ac<\/p>\n<\/td>\n<\/tr>\n<tr>\n<td>\n<pre>BLANC<\/pre>\n<\/td>\n<td>Pichet de sauvignon de Bergerac<\/td>\n<td>&nbsp;<\/td>\n<td>\n<p>25cl &#8211; 6\u00a0\u20ac<\/p>\n<p>50cl &#8211; 12\u00a0\u20ac<\/p>\n<p>75cl &#8211; 18\u00a0\u20ac<\/p>\n<\/td>\n<\/tr>\n<tr>\n<td>\n<pre>ROS\u00c9<\/pre>\n<\/td>\n<td>Languedoc IGP Var Estandon &#8211; Souvenir du Var 2021<\/td>\n<td>&nbsp;<\/td>\n<td>\n<p>14cl &#8211; 5\u00a0\u20ac<\/p>\n<p>25cl &#8211; 7,50 \u20ac<\/p>\n<p>50cl &#8211; 15 \u20ac<\/p>\n<p>75cl &#8211; 22 \u20ac<\/p>\n<\/td>\n<\/tr>\n<\/tbody>\n<\/table>\n<div class=\"su-spacer\" style=\"height:40px\"><\/div>\n<table>\n<tbody>\n<tr>\n<td colspan=\"2\">\n<h3>VALL\u00c9E DE LA LOIRE<\/h3>\n<\/td>\n<td>&nbsp;<\/td>\n<td>&nbsp;<\/td>\n<\/tr>\n<tr>\n<td>\n<pre>ROUGE<\/pre>\n<\/td>\n<td>St Nicolas de Bourgueil Domaine Olivier 2021<\/td>\n<td>&nbsp;<\/td>\n<td>\n<p>Verre &#8211; 6 \u20ac<\/p>\n<p>25cl &#8211; 9,50 \u20ac<\/p>\n<p>50cl &#8211; 19 \u20ac<\/p>\n<p>75cl &#8211; 28 \u20ac<\/p>\n<\/td>\n<\/tr>\n<tr>\n<td>\n<pre>ROUGE<\/pre>\n<\/td>\n<td>Maranges Chevrot 1er cru La Fussi\u00e8re 2021<\/td>\n<td>&nbsp;<\/td>\n<td>\n<p>75cl &#8211; 73 \u20ac<\/p>\n<\/td>\n<\/tr>\n<tr>\n<td>\n<pre>ROUGE<\/pre>\n<\/td>\n<td>Touraine Gamay de Henry Marionnet Rouge 2022<\/td>\n<td>&nbsp;<\/td>\n<td>\n<p>75cl &#8211; 22 \u20ac<\/p>\n<\/td>\n<\/tr>\n<tr>\n<td>\n<pre>BLANC<\/pre>\n<\/td>\n<td>Sancerre blanc La Graveli\u00e8re 2022 Joseph Mellot<\/td>\n<td>&nbsp;<\/td>\n<td>\n<p>14cl &#8211; 8,50 \u20ac<\/p>\n<p>25cl &#8211; 13 \u20ac<\/p>\n<p>50cl &#8211; 25,50 \u20ac<\/p>\n<p>75cl &#8211; 38 \u20ac<\/p>\n<\/td>\n<\/tr>\n<tr>\n<td>\n<pre>BLANC<\/pre>\n<\/td>\n<td>Pichet de Sauvignon AOC Touraine Blanc &#8220;Les sauterelles&#8221; Lionel Gosseaume 2021<\/td>\n<td>&nbsp;<\/td>\n<td>\n<p>25cl &#8211; 8 \u20ac<\/p>\n<p>50cl &#8211; 15,50 \u20ac<\/p>\n<p>75cl &#8211; 23 \u20ac<\/p>\n<\/td>\n<\/tr>\n<\/tbody>\n<\/table>\n<div class=\"su-spacer\" style=\"height:40px\"><\/div>\n<div class=\"su-spacer\" style=\"height:40px\"><\/div>\n<p><img loading=\"lazy\" decoding=\"async\" width=\"35\" height=\"35\" class=\"alignnone size-full wp-image-9266 lazy\" src=\"https:\/\/chezpaul.com\/wp-content\/uploads\/2019\/04\/icon-vins-bio-black.png\" alt=\"\" \/><em>Vins issus de l\u2019agriculture biologique<\/em><\/p>\n<p><img loading=\"lazy\" decoding=\"async\" width=\"65\" height=\"35\" class=\"alignnone size-full wp-image-9264 lazy\" src=\"https:\/\/chezpaul.com\/wp-content\/uploads\/2019\/04\/icon-vins-bio-nature-black.png\" alt=\"\" \/> <em>Vins Natures et Bio<\/em><\/p>\n","protected":false},"excerpt":{"rendered":"<p>ALSACE &nbsp; &nbsp; BLANC Gewurtztraminer BIO Domaine Riefle 2020 &#8220;Bonheur Convivial&#8221; 75cl &#8211; 29 \u20ac BEAUJOLAIS &nbsp; &nbsp; ROUGE Saint Amour Accroche C\u0153ur 2021 &nbsp; 75cl &#8211; 38 \u20ac ROUGE Saint Amour [&hellip;]<\/p>\n","protected":false},"author":5,"featured_media":0,"parent":9141,"menu_order":0,"comment_status":"closed","ping_status":"closed","template":"","meta":{"footnotes":""},"acf":[],"_links":{"self":[{"href":"https:\/\/chezpaul.com\/en\/wp-json\/wp\/v2\/pages\/10044\/"}],"collection":[{"href":"https:\/\/chezpaul.com\/en\/wp-json\/wp\/v2\/pages\/"}],"about":[{"href":"https:\/\/chezpaul.com\/en\/wp-json\/wp\/v2\/types\/page\/"}],"author":[{"embeddable":true,"href":"https:\/\/chezpaul.com\/en\/wp-json\/wp\/v2\/users\/5\/"}],"replies":[{"embeddable":true,"href":"https:\/\/chezpaul.com\/en\/wp-json\/wp\/v2\/comments\/?post=10044"}],"version-history":[{"count":4,"href":"https:\/\/chezpaul.com\/en\/wp-json\/wp\/v2\/pages\/10044\/revisions\/"}],"predecessor-version":[{"id":88632,"href":"https:\/\/chezpaul.com\/en\/wp-json\/wp\/v2\/pages\/10044\/revisions\/88632\/"}],"up":[{"embeddable":true,"href":"https:\/\/chezpaul.com\/en\/wp-json\/wp\/v2\/pages\/9141\/"}],"wp:attachment":[{"href":"https:\/\/chezpaul.com\/en\/wp-json\/wp\/v2\/media\/?parent=10044"}],"curies":[{"name":"wp","href":"https:\/\/api.w.org\/{rel}","templated":true}]}}